{"id":9048,"date":"2023-01-23T12:58:09","date_gmt":"2023-01-23T17:58:09","guid":{"rendered":"https:\/\/naturalookacademy.com\/courses\/"},"modified":"2026-05-06T13:39:33","modified_gmt":"2026-05-06T17:39:33","slug":"courses","status":"publish","type":"page","link":"https:\/\/naturalookacademy.com\/fr\/courses\/","title":{"rendered":"Cours"},"content":{"rendered":"\t\t<div data-elementor-type=\"wp-page\" data-elementor-id=\"9048\" class=\"elementor elementor-9048 elementor-939\">\n\t\t\t\t\t\t<section class=\"wd-negative-gap elementor-section elementor-top-section elementor-element elementor-element-895e5c0 elementor-section-content-middle wd-section-stretch elementor-section-boxed elementor-section-height-default elementor-section-height-default\" data-id=\"895e5c0\" data-element_type=\"section\" data-e-type=\"section\" data-settings=\"{&quot;background_background&quot;:&quot;classic&quot;,&quot;_ha_eqh_enable&quot;:false}\">\n\t\t\t\t\t\t<div class=\"elementor-container elementor-column-gap-default\">\n\t\t\t\t\t<div class=\"elementor-column elementor-col-66 elementor-top-column elementor-element elementor-element-5028e8de\" data-id=\"5028e8de\" data-element_type=\"column\" data-e-type=\"column\">\n\t\t\t<div class=\"elementor-widget-wrap elementor-element-populated\">\n\t\t\t\t\t\t<div class=\"elementor-element elementor-element-721810e6 elementor-widget__width-initial elementor-widget elementor-widget-image\" data-id=\"721810e6\" data-element_type=\"widget\" data-e-type=\"widget\" data-widget_type=\"image.default\">\n\t\t\t\t<div class=\"elementor-widget-container\">\n\t\t\t\t\t\t\t\t\t\t\t\t\t\t\t<img loading=\"lazy\" decoding=\"async\" width=\"1920\" height=\"2560\" src=\"https:\/\/naturalookacademy.com\/wp-content\/uploads\/2024\/03\/IMG_7886-scaled.jpg\" class=\"attachment-full size-full wp-image-9461\" alt=\"\" srcset=\"https:\/\/naturalookacademy.com\/wp-content\/uploads\/2024\/03\/IMG_7886-scaled.jpg 1920w, https:\/\/naturalookacademy.com\/wp-content\/uploads\/2024\/03\/IMG_7886-scaled-430x573.jpg 430w, https:\/\/naturalookacademy.com\/wp-content\/uploads\/2024\/03\/IMG_7886-scaled-150x200.jpg 150w, https:\/\/naturalookacademy.com\/wp-content\/uploads\/2024\/03\/IMG_7886-scaled-700x933.jpg 700w, https:\/\/naturalookacademy.com\/wp-content\/uploads\/2024\/03\/IMG_7886-225x300.jpg 225w, https:\/\/naturalookacademy.com\/wp-content\/uploads\/2024\/03\/IMG_7886-768x1024.jpg 768w, https:\/\/naturalookacademy.com\/wp-content\/uploads\/2024\/03\/IMG_7886-1152x1536.jpg 1152w, https:\/\/naturalookacademy.com\/wp-content\/uploads\/2024\/03\/IMG_7886-1536x2048.jpg 1536w\" sizes=\"auto, (max-width: 1920px) 100vw, 1920px\" \/>\t\t\t\t\t\t\t\t\t\t\t\t\t\t\t<\/div>\n\t\t\t\t<\/div>\n\t\t\t\t\t<\/div>\n\t\t<\/div>\n\t\t\t\t<div class=\"elementor-column elementor-col-33 elementor-top-column elementor-element elementor-element-53396585 color-scheme-light\" data-id=\"53396585\" data-element_type=\"column\" data-e-type=\"column\">\n\t\t\t<div class=\"elementor-widget-wrap elementor-element-populated\">\n\t\t\t\t\t\t<div class=\"elementor-element elementor-element-39031286 elementor-widget elementor-widget-heading\" data-id=\"39031286\" data-element_type=\"widget\" data-e-type=\"widget\" data-widget_type=\"heading.default\">\n\t\t\t\t<div class=\"elementor-widget-container\">\n\t\t\t\t\t<h2 class=\"elementor-heading-title elementor-size-default\">COURS UNIQUES SUR LES EXTENSIONS CAPILLAIRES, LA RECONSTRUCTION, LE LISSAGE ET LES EXTENSIONS DE CILS<\/h2>\t\t\t\t<\/div>\n\t\t\t\t<\/div>\n\t\t\t\t<div class=\"elementor-element elementor-element-24047b60 color-scheme-inherit text-left elementor-widget elementor-widget-text-editor\" data-id=\"24047b60\" data-element_type=\"widget\" data-e-type=\"widget\" data-widget_type=\"text-editor.default\">\n\t\t\t\t<div class=\"elementor-widget-container\">\n\t\t\t\t\t\t\t\t\t<ul><li><strong>Traitements Capillaires:<\/strong> Botox Capillaire, Nanoplastia et Traitement \u00e0 la K\u00e9ratine<\/li><li><strong>Extensions Capillaires:<\/strong> M\u00e9thodes K\u00e9ratine, Micro Ring et Tape-In<\/li><li><strong>Extensions de Cils<\/strong><\/li><li><strong>Avantages Post-Graduation:<\/strong> Les dipl\u00f4m\u00e9s obtiennent un acc\u00e8s exclusif aux prix de notre distributeur, r\u00e9duisant consid\u00e9rablement le co\u00fbt des mat\u00e9riaux et am\u00e9liorant les marges b\u00e9n\u00e9ficiaires.<\/li><\/ul>\t\t\t\t\t\t\t\t<\/div>\n\t\t\t\t<\/div>\n\t\t\t\t<div class=\"elementor-element elementor-element-5d6fd70a ha-dual-button--align-left ha-dual-button--mobile-align-left elementor-widget-mobile__width-inherit ha-dual-button--layout-queue ha-dual-button--tablet-layout-queue ha-dual-button--mobile-layout-queue elementor-widget elementor-widget-ha-dual-button happy-addon ha-dual-button\" data-id=\"5d6fd70a\" data-element_type=\"widget\" data-e-type=\"widget\" data-widget_type=\"ha-dual-button.default\">\n\t\t\t\t<div class=\"elementor-widget-container\">\n\t\t\t\t\t        <div class=\"ha-dual-btn-wrapper\">\n            <a class=\"ha-dual-btn ha-dual-btn--left\" href=\"\/fr\/a-propos-de-nous\/\">\n                                                    <span >\u00c0 propos de nous<\/span>\n                                            <\/a>\n                    <\/div>\n        <div class=\"ha-dual-btn-wrapper\">\n            <a class=\"ha-dual-btn ha-dual-btn--right\" href=\"https:\/\/naturalookacademy.com\/contact-us\/\" target=\"_blank\">\n                                                    <span >Contactez-nous<\/span>\n                                            <\/a>\n        <\/div>\n        \t\t\t\t<\/div>\n\t\t\t\t<\/div>\n\t\t\t\t\t<\/div>\n\t\t<\/div>\n\t\t\t\t\t<\/div>\n\t\t<\/section>\n\t\t\t\t<section class=\"wd-negative-gap elementor-section elementor-top-section elementor-element elementor-element-251cd0a elementor-section-full_width wd-section-stretch elementor-section-height-default elementor-section-height-default\" data-id=\"251cd0a\" data-element_type=\"section\" data-e-type=\"section\" data-settings=\"{&quot;_ha_eqh_enable&quot;:false}\">\n\t\t\t\t\t\t<div class=\"elementor-container elementor-column-gap-default\">\n\t\t\t\t\t<div class=\"elementor-column elementor-col-100 elementor-top-column elementor-element elementor-element-50d07291\" data-id=\"50d07291\" data-element_type=\"column\" data-e-type=\"column\">\n\t\t\t<div class=\"elementor-widget-wrap elementor-element-populated\">\n\t\t\t\t\t\t<div class=\"elementor-element elementor-element-1cddd1c4 elementor-widget elementor-widget-ms_lms_courses\" data-id=\"1cddd1c4\" data-element_type=\"widget\" data-e-type=\"widget\" data-settings=\"{&quot;opened_filters&quot;:5,&quot;cards_to_show&quot;:9,&quot;type&quot;:&quot;courses-grid&quot;,&quot;popup_slot_3&quot;:&quot;current-students&quot;,&quot;course_image_size&quot;:{&quot;width&quot;:&quot;540&quot;,&quot;height&quot;:&quot;380&quot;},&quot;course_card_presets&quot;:&quot;card-style-2&quot;,&quot;sort_by_cat&quot;:&quot;yes&quot;,&quot;slides_to_scroll&quot;:&quot;25%&quot;,&quot;slides_to_scroll_tablet&quot;:&quot;33.333333%&quot;,&quot;slides_to_scroll_mobile&quot;:&quot;100%&quot;,&quot;loop&quot;:&quot;true&quot;,&quot;cards_to_show_choice&quot;:&quot;number&quot;,&quot;cards_to_show_choice_featured&quot;:&quot;number&quot;,&quot;cards_to_show_featured&quot;:4,&quot;sort_by&quot;:&quot;date_high&quot;,&quot;show_category&quot;:&quot;yes&quot;,&quot;show_progress&quot;:&quot;yes&quot;,&quot;show_divider&quot;:&quot;yes&quot;,&quot;show_price&quot;:&quot;yes&quot;,&quot;show_slots&quot;:&quot;yes&quot;,&quot;card_slot_1&quot;:&quot;current-students&quot;,&quot;card_slot_2&quot;:&quot;views&quot;,&quot;card_slot_3&quot;:&quot;lectures&quot;,&quot;card_slot_4&quot;:&quot;level&quot;,&quot;featured_position&quot;:&quot;left&quot;,&quot;status_presets&quot;:&quot;status_style_1&quot;,&quot;status_position&quot;:&quot;right&quot;,&quot;show_popup&quot;:&quot;yes&quot;,&quot;popup_show_author_name&quot;:&quot;yes&quot;,&quot;popup_show_author_image&quot;:&quot;yes&quot;,&quot;popup_show_excerpt&quot;:&quot;yes&quot;,&quot;popup_show_slots&quot;:&quot;yes&quot;,&quot;popup_slot_1&quot;:&quot;level&quot;,&quot;popup_slot_2&quot;:&quot;lectures&quot;,&quot;popup_show_price&quot;:&quot;yes&quot;,&quot;show_instructor_label&quot;:&quot;yes&quot;,&quot;show_instructor_position&quot;:&quot;yes&quot;,&quot;show_instructor_bio&quot;:&quot;yes&quot;}\" data-widget_type=\"ms_lms_courses.default\">\n\t\t\t\t<div class=\"elementor-widget-container\">\n\t\t\t\t\t<div class=\"ms_lms_courses_grid\">\n\t\t\t<div class=\"ms_lms_courses_grid__title style_2\">\n\t\t\t<h2>\n\t\t\t\t\t\t\t<\/h2>\n\t\t\t<div class=\"ms_lms_courses_grid__sorting_wrapper\">\n\t<ul class=\"ms_lms_courses_grid__sorting style_2\">\n\t\t\t\t\t<li>\n\t\t\t\t<span data-id=\"all\" class=\"ms_lms_courses_grid__sorting_button active\">\n\t\t\t\t\tTous\t\t\t\t<\/span>\n\t\t\t<\/li>\n\t\t\t\t\t\t<li>\n\t\t\t\t<span data-id=\"88\" class=\"ms_lms_courses_grid__sorting_button \">\n\t\t\t\t\tTraitements capillaires\t\t\t\t<\/span>\n\t\t\t<\/li>\n\t\t\t\t\t<li>\n\t\t\t\t<span data-id=\"203\" class=\"ms_lms_courses_grid__sorting_button \">\n\t\t\t\t\tExtensions de cheveux\t\t\t\t<\/span>\n\t\t\t<\/li>\n\t\t\t<\/ul>\n<\/div>\n\t\t<\/div>\n\t\t<div class=\"ms_lms_courses_grid__content  title_style_2\">\n\t\t<div class=\"ms_lms_courses_card_wrapper\">\n\t\t\t<div class=\"ms_lms_courses_card card-style-2\">\n\t\t\t\t\t<div class=\"ms_lms_courses_card_item  \">\n\t\t<div class=\"ms_lms_courses_card_item_wrapper\">\n\t\t\t\t\t\t<div class=\"ms_lms_courses_card_item_image_wrapper\">\n\t\t\t\t<a href=\"https:\/\/naturalookacademy.com\/fr\/courses\/botox-capillaire-nanoplastie-et-keratine\/\" class=\"ms_lms_courses_card_item_image_link\">\n\t\t\t\t\t<img decoding=\"async\" src=\"https:\/\/naturalookacademy.com\/wp-content\/uploads\/2024\/04\/hair-treatment2-850x600.jpg\" class=\"ms_lms_courses_card_item_image\">\t\t\t\t<\/a>\n\t\t\t\t\t<div class=\"ms_lms_courses_card_item_info_price \">\n\t\t\t\t\t<div class=\"ms_lms_courses_card_item_info_price_single \">\n\t\t\t\t<span>$799<\/span>\n\t\t\t<\/div>\n\t\t\t\t\t\t<\/div>\n\t\t\t\t<\/div>\n\t\t\t<div class=\"ms_lms_courses_card_item_info\">\n\t\t\t\t\t\t\t\t\t<span class=\"ms_lms_courses_card_item_info_category\">\n\t\t\t\t\t\t<a href=\"https:\/\/naturalookacademy.com\/courses\/?terms%5B%5D=88&#038;category%5B%5D=88\">\n\t\t\t\t\t\t\tTraitements capillaires\t\t\t\t\t\t<\/a>\n\t\t\t\t\t<\/span>\n\t\t\t\t\t\t\t\t\t<a href=\"https:\/\/naturalookacademy.com\/fr\/courses\/botox-capillaire-nanoplastie-et-keratine\/\" class=\"ms_lms_courses_card_item_info_title\">\n\t\t\t\t\t\t<h3>Botox capillaire, Nanoplastie et K\u00e9ratine<\/h3>\n\t\t\t\t\t<\/a>\n\t\t\t\t\t\t\t\t\t<div class=\"ms_lms_courses_card_item_info_meta\">\n\t\t\t\t\t\t<div class=\"ms_lms_courses_card_item_meta_block\">\n\t<i class=\"stmlms-members\"><\/i>\n<span>640<\/span>\n<\/div>\n<div class=\"ms_lms_courses_card_item_meta_block\">\n\t<i class=\"stmlms-views\"><\/i>\n<span>8654<\/span>\n<\/div>\n\t\t\t\t\t<\/div>\n\t\t\t\t\t\t\t\t\t\t<span class=\"ms_lms_courses_card_item_info_divider\"><\/span>\n\t\t\t\t\t\t\t\t\t\t<div class=\"ms_lms_courses_card_item_info_bottom_wrapper\">\n\t\t\t\t\t\t<div class=\"ms_lms_courses_card_item_meta_block\">\n\t<i class=\"stmlms-cats\"><\/i>\n<span>\n\t64 Conf\u00e9rences<\/span>\n<\/div>\n<div class=\"ms_lms_courses_card_item_meta_block\">\n\t<i class=\"stmlms-levels\"><\/i>\n<span>Beginner<\/span>\n<\/div>\n\t\t\t\t\t<\/div>\n\t\t\t\t\t\t\t<\/div>\n\t\t<\/div>\n\t\t<div class=\"ms_lms_courses_card_item_popup\">\n\t\t\t<div class=\"ms_lms_courses_card_item_popup_author\">\n\t\t\t\t\t\t\t<img decoding=\"async\" src=\"https:\/\/naturalookacademy.com\/wp-content\/uploads\/stm_lms_avatars\/stm_lms_avatar5.jpeg?v=1698165005\">\n\t\t\t\t\t\t\t\t<span class=\"ms_lms_courses_card_item_popup_author_name\">Raushania Sadikova<\/span>\n\t\t\t\t\t<\/div>\n\t\t<a href=\"https:\/\/naturalookacademy.com\/fr\/courses\/botox-capillaire-nanoplastie-et-keratine\/\" class=\"ms_lms_courses_card_item_popup_title\">\n\t\t<h3>Botox capillaire, Nanoplastie et K\u00e9ratine<\/h3>\n\t<\/a>\n\t\t\t<div class=\"ms_lms_courses_card_item_popup_excerpt\">\n\t\t\tLes sp\u00e9cialistes des traitements capillaires sont tr\u00e8s demand\u00e9s dans l'industrie de la beaut\u00e9. Nos cours vous fournissent les c...\t\t<\/div>\n\t\t\t\t<div class=\"ms_lms_courses_card_item_popup_meta\">\n\t\t\t<div class=\"ms_lms_courses_card_item_meta_block\">\n\t<i class=\"stmlms-levels\"><\/i>\n<span>Beginner<\/span>\n<\/div>\n<div class=\"ms_lms_courses_card_item_meta_block\">\n\t<i class=\"stmlms-cats\"><\/i>\n<span>\n\t64 Conf\u00e9rences<\/span>\n<\/div>\n<div class=\"ms_lms_courses_card_item_meta_block\">\n\t<i class=\"stmlms-members\"><\/i>\n<span>640<\/span>\n<\/div>\n\t\t<\/div>\n\t\t<div class=\"ms_lms_courses_card_item_popup_button_wrapper\">\n\t\t<a href=\"https:\/\/naturalookacademy.com\/fr\/courses\/botox-capillaire-nanoplastie-et-keratine\/\" class=\"ms_lms_courses_card_item_popup_button\">\n\t\t\t<span>Pr\u00e9visualisez ce cours<\/span>\n\t\t\t\t\t<\/a>\n\n\t\t\t\t\t<div class=\"ms_lms_courses_card_item_popup_bottom_wrapper price-only\">\n\t\t\t\t\t<div class=\"ms_lms_courses_card_item_popup_price\">\n\t\t<div class=\"ms_lms_courses_card_item_popup_price_single \">\n\t\t\t<span>$799<\/span>\n\t\t<\/div>\n\t\t\t<\/div>\n\t\t\t<\/div>\n\t\t\t<\/div>\n<\/div>\n\t<\/div>\n\t\t<div class=\"ms_lms_courses_card_item  \">\n\t\t<div class=\"ms_lms_courses_card_item_wrapper\">\n\t\t\t\t\t\t<div class=\"ms_lms_courses_card_item_image_wrapper\">\n\t\t\t\t<a href=\"https:\/\/naturalookacademy.com\/fr\/courses\/extensions-capillaires-v-light-sans-kit\/\" class=\"ms_lms_courses_card_item_image_link\">\n\t\t\t\t\t<img decoding=\"async\" src=\"https:\/\/naturalookacademy.com\/wp-content\/uploads\/2024\/04\/IMG_5792-850x600.jpg\" class=\"ms_lms_courses_card_item_image\">\t\t\t\t<\/a>\n\t\t\t\t\t<div class=\"ms_lms_courses_card_item_info_price \">\n\t\t\t\t\t<div class=\"ms_lms_courses_card_item_info_price_single \">\n\t\t\t\t<span>$199<\/span>\n\t\t\t<\/div>\n\t\t\t\t\t\t<\/div>\n\t\t\t\t<\/div>\n\t\t\t<div class=\"ms_lms_courses_card_item_info\">\n\t\t\t\t\t\t\t\t\t<span class=\"ms_lms_courses_card_item_info_category\">\n\t\t\t\t\t\t<a href=\"https:\/\/naturalookacademy.com\/courses\/?terms%5B%5D=203&#038;category%5B%5D=203\">\n\t\t\t\t\t\t\tExtensions de cheveux\t\t\t\t\t\t<\/a>\n\t\t\t\t\t<\/span>\n\t\t\t\t\t\t\t\t\t<a href=\"https:\/\/naturalookacademy.com\/fr\/courses\/extensions-capillaires-v-light-sans-kit\/\" class=\"ms_lms_courses_card_item_info_title\">\n\t\t\t\t\t\t<h3>Extensions Capillaires V-Light (Sans kit)<\/h3>\n\t\t\t\t\t<\/a>\n\t\t\t\t\t\t\t\t\t<div class=\"ms_lms_courses_card_item_info_meta\">\n\t\t\t\t\t\t<div class=\"ms_lms_courses_card_item_meta_block\">\n\t<i class=\"stmlms-members\"><\/i>\n<span>252<\/span>\n<\/div>\n<div class=\"ms_lms_courses_card_item_meta_block\">\n\t<i class=\"stmlms-views\"><\/i>\n<span>5295<\/span>\n<\/div>\n\t\t\t\t\t<\/div>\n\t\t\t\t\t\t\t\t\t\t<span class=\"ms_lms_courses_card_item_info_divider\"><\/span>\n\t\t\t\t\t\t\t\t\t\t<div class=\"ms_lms_courses_card_item_info_bottom_wrapper\">\n\t\t\t\t\t\t<div class=\"ms_lms_courses_card_item_meta_block\">\n\t<i class=\"stmlms-cats\"><\/i>\n<span>\n\t14 Conf\u00e9rences<\/span>\n<\/div>\n<div class=\"ms_lms_courses_card_item_meta_block\">\n\t<i class=\"stmlms-levels\"><\/i>\n<span>Beginner<\/span>\n<\/div>\n\t\t\t\t\t<\/div>\n\t\t\t\t\t\t\t<\/div>\n\t\t<\/div>\n\t\t<div class=\"ms_lms_courses_card_item_popup\">\n\t\t\t<div class=\"ms_lms_courses_card_item_popup_author\">\n\t\t\t\t\t\t\t<img decoding=\"async\" src=\"https:\/\/naturalookacademy.com\/wp-content\/uploads\/stm_lms_avatars\/stm_lms_avatar5.jpeg?v=1698165005\">\n\t\t\t\t\t\t\t\t<span class=\"ms_lms_courses_card_item_popup_author_name\">Raushania Sadikova<\/span>\n\t\t\t\t\t<\/div>\n\t\t<a href=\"https:\/\/naturalookacademy.com\/fr\/courses\/extensions-capillaires-v-light-sans-kit\/\" class=\"ms_lms_courses_card_item_popup_title\">\n\t\t<h3>Extensions Capillaires V-Light (Sans kit)<\/h3>\n\t<\/a>\n\t\t\t<div class=\"ms_lms_courses_card_item_popup_excerpt\">\n\t\t\tPr\u00e9sentation des extensions capillaires V-Light \u2013 une perc\u00e9e dans la technologie d'am\u00e9lioration capillaire, con\u00e7ue pour ceux qu...\t\t<\/div>\n\t\t\t\t<div class=\"ms_lms_courses_card_item_popup_meta\">\n\t\t\t<div class=\"ms_lms_courses_card_item_meta_block\">\n\t<i class=\"stmlms-levels\"><\/i>\n<span>Beginner<\/span>\n<\/div>\n<div class=\"ms_lms_courses_card_item_meta_block\">\n\t<i class=\"stmlms-cats\"><\/i>\n<span>\n\t14 Conf\u00e9rences<\/span>\n<\/div>\n<div class=\"ms_lms_courses_card_item_meta_block\">\n\t<i class=\"stmlms-members\"><\/i>\n<span>252<\/span>\n<\/div>\n\t\t<\/div>\n\t\t<div class=\"ms_lms_courses_card_item_popup_button_wrapper\">\n\t\t<a href=\"https:\/\/naturalookacademy.com\/fr\/courses\/extensions-capillaires-v-light-sans-kit\/\" class=\"ms_lms_courses_card_item_popup_button\">\n\t\t\t<span>Pr\u00e9visualisez ce cours<\/span>\n\t\t\t\t\t<\/a>\n\n\t\t\t\t\t<div class=\"ms_lms_courses_card_item_popup_bottom_wrapper price-only\">\n\t\t\t\t\t<div class=\"ms_lms_courses_card_item_popup_price\">\n\t\t<div class=\"ms_lms_courses_card_item_popup_price_single \">\n\t\t\t<span>$199<\/span>\n\t\t<\/div>\n\t\t\t<\/div>\n\t\t\t<\/div>\n\t\t\t<\/div>\n<\/div>\n\t<\/div>\n\t\t<div class=\"ms_lms_courses_card_item  \">\n\t\t<div class=\"ms_lms_courses_card_item_wrapper\">\n\t\t\t\t\t\t<div class=\"ms_lms_courses_card_item_image_wrapper\">\n\t\t\t\t<a href=\"https:\/\/naturalookacademy.com\/fr\/courses\/extensions-capillaires-v-light-kit-inclus\/\" class=\"ms_lms_courses_card_item_image_link\">\n\t\t\t\t\t<img decoding=\"async\" src=\"https:\/\/naturalookacademy.com\/wp-content\/uploads\/2024\/04\/IMG_5792-850x600.jpg\" class=\"ms_lms_courses_card_item_image\">\t\t\t\t<\/a>\n\t\t\t\t\t<div class=\"ms_lms_courses_card_item_info_price \">\n\t\t\t\t\t<div class=\"ms_lms_courses_card_item_info_price_single \">\n\t\t\t\t<span>$699<\/span>\n\t\t\t<\/div>\n\t\t\t\t\t\t<\/div>\n\t\t\t\t<\/div>\n\t\t\t<div class=\"ms_lms_courses_card_item_info\">\n\t\t\t\t\t\t\t\t\t<span class=\"ms_lms_courses_card_item_info_category\">\n\t\t\t\t\t\t<a href=\"https:\/\/naturalookacademy.com\/courses\/?terms%5B%5D=203&#038;category%5B%5D=203\">\n\t\t\t\t\t\t\tExtensions de cheveux\t\t\t\t\t\t<\/a>\n\t\t\t\t\t<\/span>\n\t\t\t\t\t\t\t\t\t<a href=\"https:\/\/naturalookacademy.com\/fr\/courses\/extensions-capillaires-v-light-kit-inclus\/\" class=\"ms_lms_courses_card_item_info_title\">\n\t\t\t\t\t\t<h3>Extensions Capillaires V-Light  (Kit Inclus)<\/h3>\n\t\t\t\t\t<\/a>\n\t\t\t\t\t\t\t\t\t<div class=\"ms_lms_courses_card_item_info_meta\">\n\t\t\t\t\t\t<div class=\"ms_lms_courses_card_item_meta_block\">\n\t<i class=\"stmlms-members\"><\/i>\n<span>326<\/span>\n<\/div>\n<div class=\"ms_lms_courses_card_item_meta_block\">\n\t<i class=\"stmlms-views\"><\/i>\n<span>5353<\/span>\n<\/div>\n\t\t\t\t\t<\/div>\n\t\t\t\t\t\t\t\t\t\t<span class=\"ms_lms_courses_card_item_info_divider\"><\/span>\n\t\t\t\t\t\t\t\t\t\t<div class=\"ms_lms_courses_card_item_info_bottom_wrapper\">\n\t\t\t\t\t\t<div class=\"ms_lms_courses_card_item_meta_block\">\n\t<i class=\"stmlms-cats\"><\/i>\n<span>\n\t14 Conf\u00e9rences<\/span>\n<\/div>\n<div class=\"ms_lms_courses_card_item_meta_block\">\n\t<i class=\"stmlms-levels\"><\/i>\n<span>Beginner<\/span>\n<\/div>\n\t\t\t\t\t<\/div>\n\t\t\t\t\t\t\t<\/div>\n\t\t<\/div>\n\t\t<div class=\"ms_lms_courses_card_item_popup\">\n\t\t\t<div class=\"ms_lms_courses_card_item_popup_author\">\n\t\t\t\t\t\t\t<img decoding=\"async\" src=\"https:\/\/naturalookacademy.com\/wp-content\/uploads\/stm_lms_avatars\/stm_lms_avatar5.jpeg?v=1698165005\">\n\t\t\t\t\t\t\t\t<span class=\"ms_lms_courses_card_item_popup_author_name\">Raushania Sadikova<\/span>\n\t\t\t\t\t<\/div>\n\t\t<a href=\"https:\/\/naturalookacademy.com\/fr\/courses\/extensions-capillaires-v-light-kit-inclus\/\" class=\"ms_lms_courses_card_item_popup_title\">\n\t\t<h3>Extensions Capillaires V-Light  (Kit Inclus)<\/h3>\n\t<\/a>\n\t\t\t<div class=\"ms_lms_courses_card_item_popup_excerpt\">\n\t\t\tLes extensions capillaires V-Light repr\u00e9sentent une innovation r\u00e9volutionnaire dans l'am\u00e9lioration capillaire, sp\u00e9cialement con...\t\t<\/div>\n\t\t\t\t<div class=\"ms_lms_courses_card_item_popup_meta\">\n\t\t\t<div class=\"ms_lms_courses_card_item_meta_block\">\n\t<i class=\"stmlms-levels\"><\/i>\n<span>Beginner<\/span>\n<\/div>\n<div class=\"ms_lms_courses_card_item_meta_block\">\n\t<i class=\"stmlms-cats\"><\/i>\n<span>\n\t14 Conf\u00e9rences<\/span>\n<\/div>\n<div class=\"ms_lms_courses_card_item_meta_block\">\n\t<i class=\"stmlms-members\"><\/i>\n<span>326<\/span>\n<\/div>\n\t\t<\/div>\n\t\t<div class=\"ms_lms_courses_card_item_popup_button_wrapper\">\n\t\t<a href=\"https:\/\/naturalookacademy.com\/fr\/courses\/extensions-capillaires-v-light-kit-inclus\/\" class=\"ms_lms_courses_card_item_popup_button\">\n\t\t\t<span>Pr\u00e9visualisez ce cours<\/span>\n\t\t\t\t\t<\/a>\n\n\t\t\t\t\t<div class=\"ms_lms_courses_card_item_popup_bottom_wrapper price-only\">\n\t\t\t\t\t<div class=\"ms_lms_courses_card_item_popup_price\">\n\t\t<div class=\"ms_lms_courses_card_item_popup_price_single \">\n\t\t\t<span>$699<\/span>\n\t\t<\/div>\n\t\t\t<\/div>\n\t\t\t<\/div>\n\t\t\t<\/div>\n<\/div>\n\t<\/div>\n\t\t\t\t<\/div>\n\t\t\t<div class=\"ms_lms_courses_grid__pagination_wrapper\">\n\t\t\t\t\t\t\t<\/div>\n\t\t<\/div>\n\t<\/div>\n<\/div>\n\t\t\t\t<\/div>\n\t\t\t\t<\/div>\n\t\t\t\t\t<\/div>\n\t\t<\/div>\n\t\t\t\t\t<\/div>\n\t\t<\/section>\n\t\t\t\t<section class=\"wd-negative-gap elementor-section elementor-top-section elementor-element elementor-element-2713b33 elementor-reverse-mobile elementor-section-boxed elementor-section-height-default elementor-section-height-default\" data-id=\"2713b33\" data-element_type=\"section\" data-e-type=\"section\">\n\t\t\t\t\t\t<div class=\"elementor-container elementor-column-gap-default\">\n\t\t\t\t\t<div class=\"elementor-column elementor-col-100 elementor-top-column elementor-element elementor-element-546ec0b\" data-id=\"546ec0b\" data-element_type=\"column\" data-e-type=\"column\">\n\t\t\t<div class=\"elementor-widget-wrap\">\n\t\t\t\t\t\t\t<\/div>\n\t\t<\/div>\n\t\t\t\t\t<\/div>\n\t\t<\/section>\n\t\t\t\t<\/div>\n\t\t","protected":false},"excerpt":{"rendered":"<p>COURS UNIQUES SUR LES EXTENSIONS CAPILLAIRES, LA RECONSTRUCTION, LE LISSAGE ET LES EXTENSIONS DE CILS Traitements Capillaires: Botox Capillaire, Nanoplastia<\/p>\n","protected":false},"author":1,"featured_media":0,"parent":0,"menu_order":0,"comment_status":"closed","ping_status":"closed","template":"","meta":{"footnotes":""},"class_list":["post-9048","page","type-page","status-publish","hentry"],"_links":{"self":[{"href":"https:\/\/naturalookacademy.com\/fr\/wp-json\/wp\/v2\/pages\/9048","targetHints":{"allow":["GET"]}}],"collection":[{"href":"https:\/\/naturalookacademy.com\/fr\/wp-json\/wp\/v2\/pages"}],"about":[{"href":"https:\/\/naturalookacademy.com\/fr\/wp-json\/wp\/v2\/types\/page"}],"author":[{"embeddable":true,"href":"https:\/\/naturalookacademy.com\/fr\/wp-json\/wp\/v2\/users\/1"}],"replies":[{"embeddable":true,"href":"https:\/\/naturalookacademy.com\/fr\/wp-json\/wp\/v2\/comments?post=9048"}],"version-history":[{"count":74,"href":"https:\/\/naturalookacademy.com\/fr\/wp-json\/wp\/v2\/pages\/9048\/revisions"}],"predecessor-version":[{"id":31337,"href":"https:\/\/naturalookacademy.com\/fr\/wp-json\/wp\/v2\/pages\/9048\/revisions\/31337"}],"wp:attachment":[{"href":"https:\/\/naturalookacademy.com\/fr\/wp-json\/wp\/v2\/media?parent=9048"}],"curies":[{"name":"wp","href":"https:\/\/api.w.org\/{rel}","templated":true}]}}